{"id":356,"date":"2020-11-03T15:18:21","date_gmt":"2020-11-03T15:18:21","guid":{"rendered":"https:\/\/licenses.combit.com\/product\/list-label\/"},"modified":"2026-03-30T11:52:58","modified_gmt":"2026-03-30T11:52:58","slug":"list-label","status":"publish","type":"product","link":"https:\/\/hub.combit.com\/de\/produkt\/list-label\/","title":{"rendered":"List &amp; Label"},"content":{"rendered":"<div class=\"gb-container gb-container-32434239\"><div class=\"gb-inside-container\">\n\n<h2 class=\"gb-headline gb-headline-49b59412 gb-headline-text\">Informationen<\/h2>\n\n\n\n<p style=\"font-size:15px\">Bei List &amp; Label handelt es sich jeweils um pers\u00f6nliche Entwicklerlizenzen, die du entsprechend der Teamgr\u00f6\u00dfe deines Entwicklerteams lizenzieren kannst. Die Lizenzen sind zeitlich unbegrenzt nutzbar. Alle Editionen beinhalten eine Subscription, also eine Kombination aus Wartungs- und Supportvertrag. Die Unterschiede der Editionen findest du auf unserer <a href=\"https:\/\/www.combit.net\/reporting-tool\/preise-editionen\/\" target=\"_blank\" rel=\"noreferrer noopener\">Website<\/a>.<\/p>\n\n\n\n<p id=\"Legend\"><strong>Subscription<\/strong><br>Die Subscription (Abonnement) umfasst alle Service Packs, Feature-Updates und Updates auf Hauptversionen w\u00e4hrend der Laufzeit. Alle enthaltenen Hauptversionen darfst du auch parallel verwenden. Der Support ist bei Professional und Enterprise Edition inklusive. Bei der Standard Edition beschr\u00e4nkt sich die Inklusiv-Leistung auf Support im Forum. Die Laufzeit der Subscription betr\u00e4gt 1 Jahr. Sofern du die Subscription nicht mit einer K\u00fcndigungsfrist von 3 Monaten zum Ende des Vertragsjahres schriftlich k\u00fcndigst, verl\u00e4ngert sie sich automatisch um jeweils ein weiteres Vertragsjahr zu den Konditionen des Folgejahres.<\/p>\n\n\n\n<p><strong>Lizenzierung<\/strong><br>List &amp; Label ist eine pers\u00f6nliche Entwicklerlizenz, nicht \u00fcbertragbar und zur Installation auf einem PC. Alternierende Nutzung auf einem Notebook ist gestattet.<br><br>Jeder an einem Gesamtprojekt oder Gesamtprodukt beteiligte Entwickler ben\u00f6tigt eine eigene List &amp; Label Lizenz. Dies ist unabh\u00e4ngig davon, ob jeder dieser Entwickler mit List &amp; Label arbeitet oder nicht. Ein Entwicklerteam muss sich geschlossen f\u00fcr eine der Editionen entscheiden. Nur dann ist die Weitergabe der List &amp; Label Funktionalit\u00e4ten innerhalb deiner Applikationen ohne zus\u00e4tzliche Lizenzgeb\u00fchren m\u00f6glich.<br><strong>Wir bieten attraktive Mengenstaffeln f\u00fcr Entwicklerteams.<\/strong><br>Mehr zur Lizenzierung: <a rel=\"noreferrer noopener\" href=\"https:\/\/www.combit.net\/reporting-tool\/faq\/\" target=\"_blank\">FAQ zur List &amp; Label Lizenz auf unserer Website.<\/a><\/p>\n\n\n\n<p><strong>Individualvereinbarungen<\/strong><br>Die Einsatzbereiche und M\u00f6glichkeiten von List &amp; Label sind sehr vielf\u00e4ltig und umfangreich. Leider k\u00f6nnen wir nicht alle Konstellationen \u00fcber unseren Standardlizenzvertrag abdecken. Wenn du eine Druckl\u00f6sung wie beispielsweise eine Etiketten- oder Barcodel\u00f6sung realisieren m\u00f6chtest, melde dich bitte bei uns. Dies gilt auch, wenn du einen Reportgenerator planen, Funktionalit\u00e4ten kapseln m\u00f6chtest oder wenn deine Kund:innen einen entwickelnden Zugriff auf die Anwendung haben sollen. Gerne pr\u00fcfen wir dann die M\u00f6glichkeiten einer Individualvereinbarung.<\/p>\n\n\n\n<p><strong>Support<\/strong><br>Supportleistungen sind in jeder der Editionen w\u00e4hrend der Laufzeit der Subscription inklusive \u2013 diese unterscheiden sich jedoch inhaltlich. <a href=\"https:\/\/www.combit.net\/reporting-tool\/support-list-label\/#supporteditionen\">Hier kannst du die Supportleistungen in den verschiedenen Editionen vergleichen.<\/a><\/p>\n\n\n\n<p><strong>Zahlungsarten<\/strong><br>Kreditkarte, PayPal, giropay, Sofort\u00fcberweisung (Klarna)<br><br>Aus technischen Gr\u00fcnden wird deine Kreditkarte beim Kauf sofort vollautomatisch belastet. Das gilt auch f\u00fcr Artikel, die du heute vorbestellst und erst sp\u00e4ter zum Download bereitstehen.<\/p>\n\n\n\n<p><strong>Preisangaben<\/strong><br>Alle Preise verstehen sich zzgl. gesetzlicher Mehrwertsteuer. Unsere Angebote richten sich ausschlie\u00dflich an gewerbliche Kund:innen. F\u00fcr Bestellungen aus dem EU-Ausland ist zudem eine g\u00fcltige Umsatzsteuer-Identifikationsnummer (VAT-ID) erforderlich. Alle Preise basieren auf der G\u00fcltigkeit unserer allgemeinen <a rel=\"noreferrer noopener\" href=\"http:\/\/www.combit.net\/agb\" target=\"_blank\">Gesch\u00e4ftsbedingungen<\/a> sowie des entsprechenden combit Lizenzvertrages. Mit dieser Preisliste verlieren alle fr\u00fcheren Preislisten ihre G\u00fcltigkeit. Angaben stellen nur Beschreibungen dar und enthalten keine Garantie der Beschaffenheit der Produkte.<\/p>\n\n\n\n<p>Weitere Staffelungen, Teamlizenzgr\u00f6\u00dfen sowie Upgrades bieten wir dir gerne individuell an.<\/p>\n\n\n\n<hr class=\"wp-block-separator has-css-opacity\"\/>\n\n\n\n<p>Bitte wende dich bei Fragen oder f\u00fcr weitere Informationen an unseren Vertrieb unter <a href=\"mailto:service@combit.net\">service@combit.net<\/a> oder +49 7531 9060-10.<\/p>\n\n<\/div><\/div>\n\n\n<p><\/p>\n","protected":false},"excerpt":{"rendered":"<p>Informationen Bei List &amp; Label handelt es sich jeweils um pers\u00f6nliche Entwicklerlizenzen, die du entsprechend der Teamgr\u00f6\u00dfe deines Entwicklerteams lizenzieren kannst. Die Lizenzen sind zeitlich &#8230; <a title=\"List &amp; Label\" class=\"read-more\" href=\"https:\/\/hub.combit.com\/de\/produkt\/list-label\/\" aria-label=\"Mehr Informationen \u00fcber List &amp; Label\">Weiterlesen &#8230;<\/a><\/p>\n","protected":false},"featured_media":5636,"template":"","meta":{"inline_featured_image":false},"product_cat":[23],"product_tag":[],"class_list":{"0":"post-356","1":"product","2":"type-product","3":"status-publish","4":"has-post-thumbnail","6":"product_cat-combit","7":"sales-flash-overlay","8":"woocommerce-text-align-center","9":"woocommerce-image-align-center","10":"do-quantity-buttons","12":"first","13":"instock","14":"taxable","15":"shipping-taxable","16":"purchasable","17":"product-type-variable"},"group_of_quantity":0,"min_quantity":0,"max_quantity":49,"exclude_order_quantity_value_rules":"no","exclude_category_quantity_rules":"no","combine_variations":"yes","_links":{"self":[{"href":"https:\/\/hub.combit.com\/de\/wp-json\/wp\/v2\/product\/356","targetHints":{"allow":["GET"]}}],"collection":[{"href":"https:\/\/hub.combit.com\/de\/wp-json\/wp\/v2\/product"}],"about":[{"href":"https:\/\/hub.combit.com\/de\/wp-json\/wp\/v2\/types\/product"}],"wp:featuredmedia":[{"embeddable":true,"href":"https:\/\/hub.combit.com\/de\/wp-json\/wp\/v2\/media\/5636"}],"wp:attachment":[{"href":"https:\/\/hub.combit.com\/de\/wp-json\/wp\/v2\/media?parent=356"}],"wp:term":[{"taxonomy":"product_cat","embeddable":true,"href":"https:\/\/hub.combit.com\/de\/wp-json\/wp\/v2\/product_cat?post=356"},{"taxonomy":"product_tag","embeddable":true,"href":"https:\/\/hub.combit.com\/de\/wp-json\/wp\/v2\/product_tag?post=356"}],"curies":[{"name":"wp","href":"https:\/\/api.w.org\/{rel}","templated":true}]}}